{"id":31,"date":"2022-10-12T15:44:34","date_gmt":"2022-10-12T15:44:34","guid":{"rendered":"https:\/\/architekt-segerer.de\/?page_id=31"},"modified":"2022-10-12T15:44:35","modified_gmt":"2022-10-12T15:44:35","slug":"ausblick","status":"publish","type":"page","link":"https:\/\/architekt-segerer.de\/index.php\/ausblick\/","title":{"rendered":"Ausblick"},"content":{"rendered":"\n<figure class=\"wp-block-image size-large\"><img loading=\"lazy\" decoding=\"async\" width=\"1024\" height=\"641\" src=\"https:\/\/architekt-segerer.de\/wp-content\/uploads\/2022\/10\/PA080448-1-1024x641.jpg\" alt=\"\" class=\"wp-image-32\" srcset=\"https:\/\/architekt-segerer.de\/wp-content\/uploads\/2022\/10\/PA080448-1-1024x641.jpg 1024w, https:\/\/architekt-segerer.de\/wp-content\/uploads\/2022\/10\/PA080448-1-300x188.jpg 300w, https:\/\/architekt-segerer.de\/wp-content\/uploads\/2022\/10\/PA080448-1-768x481.jpg 768w, https:\/\/architekt-segerer.de\/wp-content\/uploads\/2022\/10\/PA080448-1.jpg 1500w\" sizes=\"auto, (max-width: 1024px) 100vw, 1024px\" \/><\/figure>\n\n\n\n<p>Sonnenlicht w\u00e4rmt Haus und Seele hebt die Stimmung und senkt den Energieverbrauch,<br>Holz verbindet Innen- und Au\u00dfenbereich,<br>Sonnen- und Sichtschutz bewahren die Behaglichkeit f\u00fcr entspanntes Wohnen.<\/p>\n\n\n\n<h5 class=\"wp-block-heading\">Individuelle L\u00f6sung:<\/h5>\n\n\n\n<p>Wohnen auf einer Ebene<br>mit Weitblick<br>auf Naturlandschaft<br>auf ein Alter ohne Einschr\u00e4nkungen beim Wohnen<\/p>\n\n\n\n<p>Die besondere Lebensituationder Bauherrschaft, und die Vorz\u00fcge und Herrausforderungen des Grundst\u00fccks, die individuellen Vorlieben und F\u00e4higkeiten der Bauherrschaft als Grundlagen einer besonderen Architekturl\u00f6sung<\/p>\n\n\n\n<p><strong>Wenn es gelingt, zwischen Bauherrschaft und Architekt eine gemeinsame Wellenl\u00e4nge herzustellen, und diese die am Bau Beteilgten beschwingt, wird aus der Summe der Teile unverwechselbare Architektur.<\/strong><\/p>\n","protected":false},"excerpt":{"rendered":"<p>Sonnenlicht w\u00e4rmt Haus und Seele hebt die Stimmung und senkt den Energieverbrauch,Holz verbindet Innen- und Au\u00dfenbereich,Sonnen- und Sichtschutz bewahren die<\/p>\n","protected":false},"author":1,"featured_media":0,"parent":0,"menu_order":0,"comment_status":"closed","ping_status":"closed","template":"","meta":{"footnotes":""},"class_list":["post-31","page","type-page","status-publish","hentry"],"_links":{"self":[{"href":"https:\/\/architekt-segerer.de\/index.php\/wp-json\/wp\/v2\/pages\/31","targetHints":{"allow":["GET"]}}],"collection":[{"href":"https:\/\/architekt-segerer.de\/index.php\/wp-json\/wp\/v2\/pages"}],"about":[{"href":"https:\/\/architekt-segerer.de\/index.php\/wp-json\/wp\/v2\/types\/page"}],"author":[{"embeddable":true,"href":"https:\/\/architekt-segerer.de\/index.php\/wp-json\/wp\/v2\/users\/1"}],"replies":[{"embeddable":true,"href":"https:\/\/architekt-segerer.de\/index.php\/wp-json\/wp\/v2\/comments?post=31"}],"version-history":[{"count":0,"href":"https:\/\/architekt-segerer.de\/index.php\/wp-json\/wp\/v2\/pages\/31\/revisions"}],"wp:attachment":[{"href":"https:\/\/architekt-segerer.de\/index.php\/wp-json\/wp\/v2\/media?parent=31"}],"curies":[{"name":"wp","href":"https:\/\/api.w.org\/{rel}","templated":true}]}}